{"id":308,"date":"2024-04-19T13:35:01","date_gmt":"2024-04-19T13:35:01","guid":{"rendered":"https:\/\/esss.rs\/?page_id=308"},"modified":"2026-05-07T21:58:15","modified_gmt":"2026-05-07T21:58:15","slug":"partneri","status":"publish","type":"page","link":"https:\/\/esss.rs\/sr\/partneri\/","title":{"rendered":"Partneri"},"content":{"rendered":"\t\t<div data-elementor-type=\"wp-page\" data-elementor-id=\"308\" class=\"elementor elementor-308\" data-elementor-post-type=\"page\">\n\t\t\t\t\t\t<section class=\"elementor-section elementor-top-section elementor-element elementor-element-7c107736 elementor-section-height-min-height elementor-section-boxed elementor-section-height-default elementor-section-items-middle\" data-id=\"7c107736\" data-element_type=\"section\">\n\t\t\t\t\t\t<div class=\"elementor-container elementor-column-gap-default\">\n\t\t\t\t\t<div class=\"elementor-column elementor-col-100 elementor-top-column elementor-element elementor-element-475c4370\" data-id=\"475c4370\" data-element_type=\"column\">\n\t\t\t<div class=\"elementor-widget-wrap elementor-element-populated\">\n\t\t\t\t\t\t<section class=\"elementor-section elementor-inner-section elementor-element elementor-element-6443e746 elementor-section-height-min-height elementor-section-boxed elementor-section-height-default\" data-id=\"6443e746\" data-element_type=\"section\" data-settings=\"{&quot;background_background&quot;:&quot;classic&quot;}\">\n\t\t\t\t\t\t\t<div class=\"elementor-background-overlay\"><\/div>\n\t\t\t\t\t\t\t<div class=\"elementor-container elementor-column-gap-default\">\n\t\t\t\t\t<div class=\"elementor-column elementor-col-100 elementor-inner-column elementor-element elementor-element-14c1d0b1\" data-id=\"14c1d0b1\" data-element_type=\"column\">\n\t\t\t<div class=\"elementor-widget-wrap elementor-element-populated\">\n\t\t\t\t\t\t<div class=\"elementor-element elementor-element-1a814ee3 elementor-widget elementor-widget-heading\" data-id=\"1a814ee3\" data-element_type=\"widget\" data-widget_type=\"heading.default\">\n\t\t\t\t<div class=\"elementor-widget-container\">\n\t\t\t\t\t<h2 class=\"elementor-heading-title elementor-size-default\">NA\u0160I PARTNERI<br><\/h2>\t\t\t\t<\/div>\n\t\t\t\t<\/div>\n\t\t\t\t\t<\/div>\n\t\t<\/div>\n\t\t\t\t\t<\/div>\n\t\t<\/section>\n\t\t\t\t\t<\/div>\n\t\t<\/div>\n\t\t\t\t\t<\/div>\n\t\t<\/section>\n\t\t\t\t<section class=\"elementor-section elementor-top-section elementor-element elementor-element-25802750 elementor-section-boxed elementor-section-height-default elementor-section-height-default\" data-id=\"25802750\" data-element_type=\"section\">\n\t\t\t\t\t\t<div class=\"elementor-container elementor-column-gap-default\">\n\t\t\t\t\t<div class=\"elementor-column elementor-col-100 elementor-top-column elementor-element elementor-element-47a4c48f\" data-id=\"47a4c48f\" data-element_type=\"column\">\n\t\t\t<div class=\"elementor-widget-wrap elementor-element-populated\">\n\t\t\t\t\t\t<section class=\"elementor-section elementor-inner-section elementor-element elementor-element-dc01900 elementor-section-boxed elementor-section-height-default elementor-section-height-default\" data-id=\"dc01900\" data-element_type=\"section\">\n\t\t\t\t\t\t<div class=\"elementor-container elementor-column-gap-default\">\n\t\t\t\t\t<div class=\"elementor-column elementor-col-50 elementor-inner-column elementor-element elementor-element-124993f\" data-id=\"124993f\" data-element_type=\"column\">\n\t\t\t<div class=\"elementor-widget-wrap elementor-element-populated\">\n\t\t\t\t\t\t<div class=\"elementor-element elementor-element-690b974 elementor-position-top elementor-widget elementor-widget-image-box\" data-id=\"690b974\" data-element_type=\"widget\" data-widget_type=\"image-box.default\">\n\t\t\t\t<div class=\"elementor-widget-container\">\n\t\t\t\t\t<div class=\"elementor-image-box-wrapper\"><figure class=\"elementor-image-box-img\"><a href=\"https:\/\/esss.rs\/crvena-zvezda-esport\/\" tabindex=\"-1\"><img fetchpriority=\"high\" decoding=\"async\" width=\"300\" height=\"300\" src=\"https:\/\/esss.rs\/wp-content\/uploads\/2024\/04\/Crvena_zvezda_Esportslogo_square-e1713446618737.webp\" class=\"attachment-full size-full wp-image-153\" alt=\"\" \/><\/a><\/figure><\/div>\t\t\t\t<\/div>\n\t\t\t\t<\/div>\n\t\t\t\t\t<\/div>\n\t\t<\/div>\n\t\t\t\t<div class=\"elementor-column elementor-col-50 elementor-inner-column elementor-element elementor-element-2e9166a\" data-id=\"2e9166a\" data-element_type=\"column\">\n\t\t\t<div class=\"elementor-widget-wrap elementor-element-populated\">\n\t\t\t\t\t\t<div class=\"elementor-element elementor-element-5fa99a3 elementor-position-top elementor-widget elementor-widget-image-box\" data-id=\"5fa99a3\" data-element_type=\"widget\" data-widget_type=\"image-box.default\">\n\t\t\t\t<div class=\"elementor-widget-container\">\n\t\t\t\t\t<div class=\"elementor-image-box-wrapper\"><figure class=\"elementor-image-box-img\"><a href=\"https:\/\/esss.rs\/partizan-esport-2\/\" tabindex=\"-1\"><img decoding=\"async\" width=\"661\" height=\"594\" src=\"https:\/\/esss.rs\/wp-content\/uploads\/2024\/04\/partizan-croped.png\" class=\"attachment-full size-full wp-image-207\" alt=\"\" srcset=\"https:\/\/esss.rs\/wp-content\/uploads\/2024\/04\/partizan-croped.png 661w, https:\/\/esss.rs\/wp-content\/uploads\/2024\/04\/partizan-croped-300x270.png 300w\" sizes=\"(max-width: 661px) 100vw, 661px\" \/><\/a><\/figure><\/div>\t\t\t\t<\/div>\n\t\t\t\t<\/div>\n\t\t\t\t\t<\/div>\n\t\t<\/div>\n\t\t\t\t\t<\/div>\n\t\t<\/section>\n\t\t\t\t<section class=\"elementor-section elementor-inner-section elementor-element elementor-element-779ea827 elementor-section-boxed elementor-section-height-default elementor-section-height-default\" data-id=\"779ea827\" data-element_type=\"section\">\n\t\t\t\t\t\t<div class=\"elementor-container elementor-column-gap-default\">\n\t\t\t\t\t<div class=\"elementor-column elementor-col-33 elementor-inner-column elementor-element elementor-element-3b769345\" data-id=\"3b769345\" data-element_type=\"column\">\n\t\t\t<div class=\"elementor-widget-wrap elementor-element-populated\">\n\t\t\t\t\t\t<div class=\"elementor-element elementor-element-290943a elementor-widget elementor-widget-image\" data-id=\"290943a\" data-element_type=\"widget\" data-widget_type=\"image.default\">\n\t\t\t\t<div class=\"elementor-widget-container\">\n\t\t\t\t\t\t\t\t\t\t\t\t\t\t\t\t<a href=\"https:\/\/www.instagram.com\/tvarenaesport\/\">\n\t\t\t\t\t\t\t<img decoding=\"async\" width=\"360\" height=\"181\" src=\"https:\/\/esss.rs\/wp-content\/uploads\/2024\/05\/arena-esport.png\" class=\"attachment-large size-large wp-image-538\" alt=\"\" srcset=\"https:\/\/esss.rs\/wp-content\/uploads\/2024\/05\/arena-esport.png 360w, https:\/\/esss.rs\/wp-content\/uploads\/2024\/05\/arena-esport-300x151.png 300w\" sizes=\"(max-width: 360px) 100vw, 360px\" \/>\t\t\t\t\t\t\t\t<\/a>\n\t\t\t\t\t\t\t\t\t\t\t\t\t\t\t<\/div>\n\t\t\t\t<\/div>\n\t\t\t\t\t<\/div>\n\t\t<\/div>\n\t\t\t\t<div class=\"elementor-column elementor-col-33 elementor-inner-column elementor-element elementor-element-132de096\" data-id=\"132de096\" data-element_type=\"column\">\n\t\t\t<div class=\"elementor-widget-wrap elementor-element-populated\">\n\t\t\t\t\t\t<div class=\"elementor-element elementor-element-6119bf1 elementor-widget__width-initial elementor-position-top elementor-widget elementor-widget-image-box\" data-id=\"6119bf1\" data-element_type=\"widget\" data-widget_type=\"image-box.default\">\n\t\t\t\t<div class=\"elementor-widget-container\">\n\t\t\t\t\t<div class=\"elementor-image-box-wrapper\"><figure class=\"elementor-image-box-img\"><a href=\"https:\/\/altabanka.rs\/\" tabindex=\"-1\"><img loading=\"lazy\" decoding=\"async\" width=\"700\" height=\"700\" src=\"https:\/\/esss.rs\/wp-content\/uploads\/2026\/05\/Alta-banka-logo.png\" class=\"attachment-full size-full wp-image-1515\" alt=\"\" srcset=\"https:\/\/esss.rs\/wp-content\/uploads\/2026\/05\/Alta-banka-logo.png 700w, https:\/\/esss.rs\/wp-content\/uploads\/2026\/05\/Alta-banka-logo-300x300.png 300w, https:\/\/esss.rs\/wp-content\/uploads\/2026\/05\/Alta-banka-logo-150x150.png 150w, https:\/\/esss.rs\/wp-content\/uploads\/2026\/05\/Alta-banka-logo-12x12.png 12w\" sizes=\"(max-width: 700px) 100vw, 700px\" \/><\/a><\/figure><\/div>\t\t\t\t<\/div>\n\t\t\t\t<\/div>\n\t\t\t\t\t<\/div>\n\t\t<\/div>\n\t\t\t\t<div class=\"elementor-column elementor-col-33 elementor-inner-column elementor-element elementor-element-d5c7084\" data-id=\"d5c7084\" data-element_type=\"column\">\n\t\t\t<div class=\"elementor-widget-wrap elementor-element-populated\">\n\t\t\t\t\t\t<div class=\"elementor-element elementor-element-2f3517d elementor-widget__width-initial elementor-position-top elementor-widget elementor-widget-image-box\" data-id=\"2f3517d\" data-element_type=\"widget\" data-widget_type=\"image-box.default\">\n\t\t\t\t<div class=\"elementor-widget-container\">\n\t\t\t\t\t<div class=\"elementor-image-box-wrapper\"><figure class=\"elementor-image-box-img\"><a href=\"https:\/\/www.sportvision.rs\/\" tabindex=\"-1\"><img loading=\"lazy\" decoding=\"async\" width=\"300\" height=\"107\" src=\"https:\/\/esss.rs\/wp-content\/uploads\/2025\/11\/Sport-Vision-logo-1-e1771877204472-300x107.png\" class=\"attachment-medium size-medium wp-image-1419\" alt=\"\" srcset=\"https:\/\/esss.rs\/wp-content\/uploads\/2025\/11\/Sport-Vision-logo-1-e1771877204472-300x107.png 300w, https:\/\/esss.rs\/wp-content\/uploads\/2025\/11\/Sport-Vision-logo-1-e1771877204472-768x273.png 768w, https:\/\/esss.rs\/wp-content\/uploads\/2025\/11\/Sport-Vision-logo-1-e1771877204472-18x6.png 18w, https:\/\/esss.rs\/wp-content\/uploads\/2025\/11\/Sport-Vision-logo-1-e1771877204472.png 1000w\" sizes=\"(max-width: 300px) 100vw, 300px\" \/><\/a><\/figure><\/div>\t\t\t\t<\/div>\n\t\t\t\t<\/div>\n\t\t\t\t\t<\/div>\n\t\t<\/div>\n\t\t\t\t\t<\/div>\n\t\t<\/section>\n\t\t\t\t<section class=\"elementor-section elementor-inner-section elementor-element elementor-element-42991b21 elementor-section-boxed elementor-section-height-default elementor-section-height-default\" data-id=\"42991b21\" data-element_type=\"section\">\n\t\t\t\t\t\t<div class=\"elementor-container elementor-column-gap-default\">\n\t\t\t\t\t<div class=\"elementor-column elementor-col-50 elementor-inner-column elementor-element elementor-element-61b7301e\" data-id=\"61b7301e\" data-element_type=\"column\">\n\t\t\t<div class=\"elementor-widget-wrap elementor-element-populated\">\n\t\t\t\t\t\t<div class=\"elementor-element elementor-element-62546b7 elementor-position-top elementor-widget elementor-widget-image-box\" data-id=\"62546b7\" data-element_type=\"widget\" data-widget_type=\"image-box.default\">\n\t\t\t\t<div class=\"elementor-widget-container\">\n\t\t\t\t\t<div class=\"elementor-image-box-wrapper\"><figure class=\"elementor-image-box-img\"><a href=\"https:\/\/relog.gg\/\" tabindex=\"-1\"><img loading=\"lazy\" decoding=\"async\" width=\"4230\" height=\"1410\" src=\"https:\/\/esss.rs\/wp-content\/uploads\/2024\/04\/rlg-media-1.png\" class=\"attachment-full size-full wp-image-161\" alt=\"\" srcset=\"https:\/\/esss.rs\/wp-content\/uploads\/2024\/04\/rlg-media-1.png 4230w, https:\/\/esss.rs\/wp-content\/uploads\/2024\/04\/rlg-media-1-300x100.png 300w, https:\/\/esss.rs\/wp-content\/uploads\/2024\/04\/rlg-media-1-1024x341.png 1024w, https:\/\/esss.rs\/wp-content\/uploads\/2024\/04\/rlg-media-1-768x256.png 768w, https:\/\/esss.rs\/wp-content\/uploads\/2024\/04\/rlg-media-1-1536x512.png 1536w, https:\/\/esss.rs\/wp-content\/uploads\/2024\/04\/rlg-media-1-2048x683.png 2048w\" sizes=\"(max-width: 4230px) 100vw, 4230px\" \/><\/a><\/figure><\/div>\t\t\t\t<\/div>\n\t\t\t\t<\/div>\n\t\t\t\t\t<\/div>\n\t\t<\/div>\n\t\t\t\t<div class=\"elementor-column elementor-col-50 elementor-inner-column elementor-element elementor-element-3fe9bf88\" data-id=\"3fe9bf88\" data-element_type=\"column\">\n\t\t\t<div class=\"elementor-widget-wrap elementor-element-populated\">\n\t\t\t\t\t\t<div class=\"elementor-element elementor-element-9ac392e elementor-widget__width-initial elementor-position-top elementor-widget elementor-widget-image-box\" data-id=\"9ac392e\" data-element_type=\"widget\" data-widget_type=\"image-box.default\">\n\t\t\t\t<div class=\"elementor-widget-container\">\n\t\t\t\t\t<div class=\"elementor-image-box-wrapper\"><figure class=\"elementor-image-box-img\"><a href=\"https:\/\/eadriaticleague.com\/\" tabindex=\"-1\"><img loading=\"lazy\" decoding=\"async\" width=\"113\" height=\"169\" src=\"https:\/\/esss.rs\/wp-content\/uploads\/2024\/05\/EAL-Logo.png\" class=\"attachment-full size-full wp-image-435\" alt=\"\" \/><\/a><\/figure><\/div>\t\t\t\t<\/div>\n\t\t\t\t<\/div>\n\t\t\t\t\t<\/div>\n\t\t<\/div>\n\t\t\t\t\t<\/div>\n\t\t<\/section>\n\t\t\t\t<section class=\"elementor-section elementor-inner-section elementor-element elementor-element-05ef70c elementor-section-boxed elementor-section-height-default elementor-section-height-default\" data-id=\"05ef70c\" data-element_type=\"section\">\n\t\t\t\t\t\t<div class=\"elementor-container elementor-column-gap-default\">\n\t\t\t\t\t<div class=\"elementor-column elementor-col-50 elementor-inner-column elementor-element elementor-element-7c24210\" data-id=\"7c24210\" data-element_type=\"column\">\n\t\t\t<div class=\"elementor-widget-wrap\">\n\t\t\t\t\t\t\t<\/div>\n\t\t<\/div>\n\t\t\t\t<div class=\"elementor-column elementor-col-50 elementor-inner-column elementor-element elementor-element-20ace25\" data-id=\"20ace25\" data-element_type=\"column\">\n\t\t\t<div class=\"elementor-widget-wrap\">\n\t\t\t\t\t\t\t<\/div>\n\t\t<\/div>\n\t\t\t\t\t<\/div>\n\t\t<\/section>\n\t\t\t\t\t<\/div>\n\t\t<\/div>\n\t\t\t\t\t<\/div>\n\t\t<\/section>\n\t\t\t\t<section class=\"elementor-section elementor-top-section elementor-element elementor-element-72e613cd elementor-section-height-min-height elementor-section-boxed elementor-section-height-default elementor-section-items-middle\" data-id=\"72e613cd\" data-element_type=\"section\" data-settings=\"{&quot;background_background&quot;:&quot;classic&quot;}\">\n\t\t\t\t\t\t<div class=\"elementor-container elementor-column-gap-default\">\n\t\t\t\t\t<div class=\"elementor-column elementor-col-100 elementor-top-column elementor-element elementor-element-146c7007\" data-id=\"146c7007\" data-element_type=\"column\">\n\t\t\t<div class=\"elementor-widget-wrap elementor-element-populated\">\n\t\t\t\t\t\t<section class=\"elementor-section elementor-inner-section elementor-element elementor-element-47ba2e17 elementor-section-height-min-height elementor-section-boxed elementor-section-height-default\" data-id=\"47ba2e17\" data-element_type=\"section\" data-settings=\"{&quot;background_background&quot;:&quot;classic&quot;}\">\n\t\t\t\t\t\t<div class=\"elementor-container elementor-column-gap-default\">\n\t\t\t\t\t<div class=\"elementor-column elementor-col-100 elementor-inner-column elementor-element elementor-element-6757e26d\" data-id=\"6757e26d\" data-element_type=\"column\">\n\t\t\t<div class=\"elementor-widget-wrap elementor-element-populated\">\n\t\t\t\t\t\t<div class=\"elementor-element elementor-element-7bd9bd0c elementor-widget elementor-widget-text-editor\" data-id=\"7bd9bd0c\" data-element_type=\"widget\" data-widget_type=\"text-editor.default\">\n\t\t\t\t<div class=\"elementor-widget-container\">\n\t\t\t\t\t\t\t\t\t<p>partnerstvo<\/p>\t\t\t\t\t\t\t\t<\/div>\n\t\t\t\t<\/div>\n\t\t\t\t<div class=\"elementor-element elementor-element-5f4fc9cf elementor-widget elementor-widget-heading\" data-id=\"5f4fc9cf\" data-element_type=\"widget\" data-widget_type=\"heading.default\">\n\t\t\t\t<div class=\"elementor-widget-container\">\n\t\t\t\t\t<h3 class=\"elementor-heading-title elementor-size-default\">\u017delite da postanete na\u0161 partner?\n<\/h3>\t\t\t\t<\/div>\n\t\t\t\t<\/div>\n\t\t\t\t<div class=\"elementor-element elementor-element-35238a6a elementor-align-center elementor-widget elementor-widget-button\" data-id=\"35238a6a\" data-element_type=\"widget\" data-widget_type=\"button.default\">\n\t\t\t\t<div class=\"elementor-widget-container\">\n\t\t\t\t\t\t\t\t\t<div class=\"elementor-button-wrapper\">\n\t\t\t\t\t<a class=\"elementor-button elementor-button-link elementor-size-sm\" href=\"https:\/\/esss.rs\/kontakt\/\">\n\t\t\t\t\t\t<span class=\"elementor-button-content-wrapper\">\n\t\t\t\t\t\t\t\t\t<span class=\"elementor-button-text\">POSTANI NA\u0160 PARTNER<\/span>\n\t\t\t\t\t<\/span>\n\t\t\t\t\t<\/a>\n\t\t\t\t<\/div>\n\t\t\t\t\t\t\t\t<\/div>\n\t\t\t\t<\/div>\n\t\t\t\t\t<\/div>\n\t\t<\/div>\n\t\t\t\t\t<\/div>\n\t\t<\/section>\n\t\t\t\t\t<\/div>\n\t\t<\/div>\n\t\t\t\t\t<\/div>\n\t\t<\/section>\n\t\t\t\t<\/div>\n\t\t","protected":false},"excerpt":{"rendered":"<p>NA\u0160I PARTNERI partnerstvo \u017delite da postanete na\u0161 partner? POSTANI NA\u0160 PARTNER<\/p>\n","protected":false},"author":1,"featured_media":0,"parent":0,"menu_order":0,"comment_status":"closed","ping_status":"closed","template":"","meta":{"footnotes":""},"class_list":["post-308","page","type-page","status-publish","hentry"],"yoast_head":"<!-- This site is optimized with the Yoast SEO plugin v26.8 - https:\/\/yoast.com\/product\/yoast-seo-wordpress\/ -->\n<title>Partneri - Esport Savez Srbije<\/title>\n<meta name=\"robots\" content=\"index, follow, max-snippet:-1, max-image-preview:large, max-video-preview:-1\" \/>\n<link rel=\"canonical\" href=\"https:\/\/esss.rs\/sr\/partneri\/\" \/>\n<meta property=\"og:locale\" content=\"sr_RS\" \/>\n<meta property=\"og:type\" content=\"article\" \/>\n<meta property=\"og:title\" content=\"Partneri - Esport Savez Srbije\" \/>\n<meta property=\"og:description\" content=\"NA\u0160I PARTNERI partnerstvo \u017delite da postanete na\u0161 partner? POSTANI NA\u0160 PARTNER\" \/>\n<meta property=\"og:url\" content=\"https:\/\/esss.rs\/sr\/partneri\/\" \/>\n<meta property=\"og:site_name\" content=\"Esport Savez Srbije\" \/>\n<meta property=\"article:modified_time\" content=\"2026-05-07T21:58:15+00:00\" \/>\n<meta property=\"og:image\" content=\"https:\/\/esss.rs\/wp-content\/uploads\/2024\/04\/Crvena_zvezda_Esportslogo_square-e1713446618737.webp\" \/>\n\t<meta property=\"og:image:width\" content=\"300\" \/>\n\t<meta property=\"og:image:height\" content=\"300\" \/>\n\t<meta property=\"og:image:type\" content=\"image\/webp\" \/>\n<meta name=\"twitter:card\" content=\"summary_large_image\" \/>\n<meta name=\"twitter:site\" content=\"@esportsavezrs\" \/>\n<meta name=\"twitter:label1\" content=\"Est. reading time\" \/>\n\t<meta name=\"twitter:data1\" content=\"2 minutes\" \/>\n<script type=\"application\/ld+json\" class=\"yoast-schema-graph\">{\"@context\":\"https:\/\/schema.org\",\"@graph\":[{\"@type\":\"WebPage\",\"@id\":\"https:\/\/esss.rs\/partneri\/\",\"url\":\"https:\/\/esss.rs\/partneri\/\",\"name\":\"Partneri - Esport Savez Srbije\",\"isPartOf\":{\"@id\":\"https:\/\/esss.rs\/#website\"},\"primaryImageOfPage\":{\"@id\":\"https:\/\/esss.rs\/partneri\/#primaryimage\"},\"image\":{\"@id\":\"https:\/\/esss.rs\/partneri\/#primaryimage\"},\"thumbnailUrl\":\"https:\/\/esss.rs\/wp-content\/uploads\/2024\/04\/Crvena_zvezda_Esportslogo_square-e1713446618737.webp\",\"datePublished\":\"2024-04-19T13:35:01+00:00\",\"dateModified\":\"2026-05-07T21:58:15+00:00\",\"breadcrumb\":{\"@id\":\"https:\/\/esss.rs\/partneri\/#breadcrumb\"},\"inLanguage\":\"sr-RS\",\"potentialAction\":[{\"@type\":\"ReadAction\",\"target\":[\"https:\/\/esss.rs\/partneri\/\"]}]},{\"@type\":\"ImageObject\",\"inLanguage\":\"sr-RS\",\"@id\":\"https:\/\/esss.rs\/partneri\/#primaryimage\",\"url\":\"https:\/\/esss.rs\/wp-content\/uploads\/2024\/04\/Crvena_zvezda_Esportslogo_square-e1713446618737.webp\",\"contentUrl\":\"https:\/\/esss.rs\/wp-content\/uploads\/2024\/04\/Crvena_zvezda_Esportslogo_square-e1713446618737.webp\"},{\"@type\":\"BreadcrumbList\",\"@id\":\"https:\/\/esss.rs\/partneri\/#breadcrumb\",\"itemListElement\":[{\"@type\":\"ListItem\",\"position\":1,\"name\":\"Home\",\"item\":\"https:\/\/esss.rs\/\"},{\"@type\":\"ListItem\",\"position\":2,\"name\":\"Partneri\"}]},{\"@type\":\"WebSite\",\"@id\":\"https:\/\/esss.rs\/#website\",\"url\":\"https:\/\/esss.rs\/\",\"name\":\"Esport Savez Srbije\",\"description\":\"esport-savez-srbije\",\"publisher\":{\"@id\":\"https:\/\/esss.rs\/#organization\"},\"alternateName\":\"Esport Savez Republike Srbije\",\"potentialAction\":[{\"@type\":\"SearchAction\",\"target\":{\"@type\":\"EntryPoint\",\"urlTemplate\":\"https:\/\/esss.rs\/?s={search_term_string}\"},\"query-input\":{\"@type\":\"PropertyValueSpecification\",\"valueRequired\":true,\"valueName\":\"search_term_string\"}}],\"inLanguage\":\"sr-RS\"},{\"@type\":\"Organization\",\"@id\":\"https:\/\/esss.rs\/#organization\",\"name\":\"Esport Savez Srbije\",\"url\":\"https:\/\/esss.rs\/\",\"logo\":{\"@type\":\"ImageObject\",\"inLanguage\":\"sr-RS\",\"@id\":\"https:\/\/esss.rs\/#\/schema\/logo\/image\/\",\"url\":\"https:\/\/esss.rs\/wp-content\/uploads\/2024\/04\/ESPORT-LOGO-SPOJENO.png\",\"contentUrl\":\"https:\/\/esss.rs\/wp-content\/uploads\/2024\/04\/ESPORT-LOGO-SPOJENO.png\",\"width\":1600,\"height\":401,\"caption\":\"Esport Savez Srbije\"},\"image\":{\"@id\":\"https:\/\/esss.rs\/#\/schema\/logo\/image\/\"},\"sameAs\":[\"https:\/\/x.com\/esportsavezrs\",\"https:\/\/www.linkedin.com\/in\/esport-savez-srbije-bb0078306\/\",\"https:\/\/www.instagram.com\/esportsavezsrbije\/?hl=en\"]}]}<\/script>\n<!-- \/ Yoast SEO plugin. -->","yoast_head_json":{"title":"Partneri - Esport Savez Srbije","robots":{"index":"index","follow":"follow","max-snippet":"max-snippet:-1","max-image-preview":"max-image-preview:large","max-video-preview":"max-video-preview:-1"},"canonical":"https:\/\/esss.rs\/sr\/partneri\/","og_locale":"sr_RS","og_type":"article","og_title":"Partneri - Esport Savez Srbije","og_description":"NA\u0160I PARTNERI partnerstvo \u017delite da postanete na\u0161 partner? POSTANI NA\u0160 PARTNER","og_url":"https:\/\/esss.rs\/sr\/partneri\/","og_site_name":"Esport Savez Srbije","article_modified_time":"2026-05-07T21:58:15+00:00","og_image":[{"width":300,"height":300,"url":"https:\/\/esss.rs\/wp-content\/uploads\/2024\/04\/Crvena_zvezda_Esportslogo_square-e1713446618737.webp","type":"image\/webp"}],"twitter_card":"summary_large_image","twitter_site":"@esportsavezrs","twitter_misc":{"Est. reading time":"2 minutes"},"schema":{"@context":"https:\/\/schema.org","@graph":[{"@type":"WebPage","@id":"https:\/\/esss.rs\/partneri\/","url":"https:\/\/esss.rs\/partneri\/","name":"Partneri - Esport Savez Srbije","isPartOf":{"@id":"https:\/\/esss.rs\/#website"},"primaryImageOfPage":{"@id":"https:\/\/esss.rs\/partneri\/#primaryimage"},"image":{"@id":"https:\/\/esss.rs\/partneri\/#primaryimage"},"thumbnailUrl":"https:\/\/esss.rs\/wp-content\/uploads\/2024\/04\/Crvena_zvezda_Esportslogo_square-e1713446618737.webp","datePublished":"2024-04-19T13:35:01+00:00","dateModified":"2026-05-07T21:58:15+00:00","breadcrumb":{"@id":"https:\/\/esss.rs\/partneri\/#breadcrumb"},"inLanguage":"sr-RS","potentialAction":[{"@type":"ReadAction","target":["https:\/\/esss.rs\/partneri\/"]}]},{"@type":"ImageObject","inLanguage":"sr-RS","@id":"https:\/\/esss.rs\/partneri\/#primaryimage","url":"https:\/\/esss.rs\/wp-content\/uploads\/2024\/04\/Crvena_zvezda_Esportslogo_square-e1713446618737.webp","contentUrl":"https:\/\/esss.rs\/wp-content\/uploads\/2024\/04\/Crvena_zvezda_Esportslogo_square-e1713446618737.webp"},{"@type":"BreadcrumbList","@id":"https:\/\/esss.rs\/partneri\/#breadcrumb","itemListElement":[{"@type":"ListItem","position":1,"name":"Home","item":"https:\/\/esss.rs\/"},{"@type":"ListItem","position":2,"name":"Partneri"}]},{"@type":"WebSite","@id":"https:\/\/esss.rs\/#website","url":"https:\/\/esss.rs\/","name":"Esport Savez Srbije","description":"esport-savez-srbije","publisher":{"@id":"https:\/\/esss.rs\/#organization"},"alternateName":"Esport Savez Republike Srbije","potentialAction":[{"@type":"SearchAction","target":{"@type":"EntryPoint","urlTemplate":"https:\/\/esss.rs\/?s={search_term_string}"},"query-input":{"@type":"PropertyValueSpecification","valueRequired":true,"valueName":"search_term_string"}}],"inLanguage":"sr-RS"},{"@type":"Organization","@id":"https:\/\/esss.rs\/#organization","name":"Esport Savez Srbije","url":"https:\/\/esss.rs\/","logo":{"@type":"ImageObject","inLanguage":"sr-RS","@id":"https:\/\/esss.rs\/#\/schema\/logo\/image\/","url":"https:\/\/esss.rs\/wp-content\/uploads\/2024\/04\/ESPORT-LOGO-SPOJENO.png","contentUrl":"https:\/\/esss.rs\/wp-content\/uploads\/2024\/04\/ESPORT-LOGO-SPOJENO.png","width":1600,"height":401,"caption":"Esport Savez Srbije"},"image":{"@id":"https:\/\/esss.rs\/#\/schema\/logo\/image\/"},"sameAs":["https:\/\/x.com\/esportsavezrs","https:\/\/www.linkedin.com\/in\/esport-savez-srbije-bb0078306\/","https:\/\/www.instagram.com\/esportsavezsrbije\/?hl=en"]}]}},"_links":{"self":[{"href":"https:\/\/esss.rs\/sr\/wp-json\/wp\/v2\/pages\/308","targetHints":{"allow":["GET"]}}],"collection":[{"href":"https:\/\/esss.rs\/sr\/wp-json\/wp\/v2\/pages"}],"about":[{"href":"https:\/\/esss.rs\/sr\/wp-json\/wp\/v2\/types\/page"}],"author":[{"embeddable":true,"href":"https:\/\/esss.rs\/sr\/wp-json\/wp\/v2\/users\/1"}],"replies":[{"embeddable":true,"href":"https:\/\/esss.rs\/sr\/wp-json\/wp\/v2\/comments?post=308"}],"version-history":[{"count":0,"href":"https:\/\/esss.rs\/sr\/wp-json\/wp\/v2\/pages\/308\/revisions"}],"wp:attachment":[{"href":"https:\/\/esss.rs\/sr\/wp-json\/wp\/v2\/media?parent=308"}],"curies":[{"name":"wp","href":"https:\/\/api.w.org\/{rel}","templated":true}]}}