{"id":141,"date":"2024-04-18T12:12:44","date_gmt":"2024-04-18T12:12:44","guid":{"rendered":"https:\/\/esss.rs\/?page_id=141"},"modified":"2024-11-02T07:27:23","modified_gmt":"2024-11-02T07:27:23","slug":"nas-tim","status":"publish","type":"page","link":"https:\/\/esss.rs\/sr\/nas-tim\/","title":{"rendered":"Na\u0161 Tim"},"content":{"rendered":"\t\t<div data-elementor-type=\"wp-page\" data-elementor-id=\"141\" class=\"elementor elementor-141\" data-elementor-post-type=\"page\">\n\t\t\t\t\t\t<section class=\"elementor-section elementor-top-section elementor-element elementor-element-11992aa1 elementor-section-height-min-height elementor-section-boxed elementor-section-height-default elementor-section-items-middle\" data-id=\"11992aa1\" data-element_type=\"section\">\n\t\t\t\t\t\t<div class=\"elementor-container elementor-column-gap-default\">\n\t\t\t\t\t<div class=\"elementor-column elementor-col-100 elementor-top-column elementor-element elementor-element-29a2c139\" data-id=\"29a2c139\" data-element_type=\"column\">\n\t\t\t<div class=\"elementor-widget-wrap elementor-element-populated\">\n\t\t\t\t\t\t<section class=\"elementor-section elementor-inner-section elementor-element elementor-element-73d48a2e elementor-section-height-min-height elementor-section-boxed elementor-section-height-default\" data-id=\"73d48a2e\" data-element_type=\"section\" data-settings=\"{&quot;background_background&quot;:&quot;classic&quot;}\">\n\t\t\t\t\t\t\t<div class=\"elementor-background-overlay\"><\/div>\n\t\t\t\t\t\t\t<div class=\"elementor-container elementor-column-gap-default\">\n\t\t\t\t\t<div class=\"elementor-column elementor-col-100 elementor-inner-column elementor-element elementor-element-42c8cd9d\" data-id=\"42c8cd9d\" data-element_type=\"column\">\n\t\t\t<div class=\"elementor-widget-wrap elementor-element-populated\">\n\t\t\t\t\t\t<div class=\"elementor-element elementor-element-78874a04 elementor-widget elementor-widget-heading\" data-id=\"78874a04\" data-element_type=\"widget\" data-widget_type=\"heading.default\">\n\t\t\t\t<div class=\"elementor-widget-container\">\n\t\t\t\t\t<h2 class=\"elementor-heading-title elementor-size-default\">Na\u0161 tim<\/h2>\t\t\t\t<\/div>\n\t\t\t\t<\/div>\n\t\t\t\t<div class=\"elementor-element elementor-element-5204979b elementor-widget elementor-widget-text-editor\" data-id=\"5204979b\" data-element_type=\"widget\" data-widget_type=\"text-editor.default\">\n\t\t\t\t<div class=\"elementor-widget-container\">\n\t\t\t\t\t\t\t\t\t<p>Upoznajte upravni odbor Esport savez-a Srbije<\/p>\t\t\t\t\t\t\t\t<\/div>\n\t\t\t\t<\/div>\n\t\t\t\t\t<\/div>\n\t\t<\/div>\n\t\t\t\t\t<\/div>\n\t\t<\/section>\n\t\t\t\t\t<\/div>\n\t\t<\/div>\n\t\t\t\t\t<\/div>\n\t\t<\/section>\n\t\t\t\t<section class=\"elementor-section elementor-top-section elementor-element elementor-element-288a1c67 elementor-section-boxed elementor-section-height-default elementor-section-height-default\" data-id=\"288a1c67\" data-element_type=\"section\">\n\t\t\t\t\t\t<div class=\"elementor-container elementor-column-gap-default\">\n\t\t\t\t\t<div class=\"elementor-column elementor-col-100 elementor-top-column elementor-element elementor-element-23fbdf76\" data-id=\"23fbdf76\" data-element_type=\"column\">\n\t\t\t<div class=\"elementor-widget-wrap elementor-element-populated\">\n\t\t\t\t\t\t<section class=\"elementor-section elementor-inner-section elementor-element elementor-element-5dedc17f elementor-section-content-middle elementor-section-boxed elementor-section-height-default elementor-section-height-default\" data-id=\"5dedc17f\" data-element_type=\"section\">\n\t\t\t\t\t\t<div class=\"elementor-container elementor-column-gap-default\">\n\t\t\t\t\t<div class=\"elementor-column elementor-col-100 elementor-inner-column elementor-element elementor-element-4885c8c\" data-id=\"4885c8c\" data-element_type=\"column\">\n\t\t\t<div class=\"elementor-widget-wrap elementor-element-populated\">\n\t\t\t\t\t\t<div class=\"elementor-element elementor-element-66de4ed elementor-widget elementor-widget-heading\" data-id=\"66de4ed\" data-element_type=\"widget\" data-widget_type=\"heading.default\">\n\t\t\t\t<div class=\"elementor-widget-container\">\n\t\t\t\t\t<h3 class=\"elementor-heading-title elementor-size-default\">Rukovodstvo<\/h3>\t\t\t\t<\/div>\n\t\t\t\t<\/div>\n\t\t\t\t\t<\/div>\n\t\t<\/div>\n\t\t\t\t\t<\/div>\n\t\t<\/section>\n\t\t\t\t<section class=\"elementor-section elementor-inner-section elementor-element elementor-element-80bca4a elementor-section-content-middle elementor-section-boxed elementor-section-height-default elementor-section-height-default\" data-id=\"80bca4a\" data-element_type=\"section\">\n\t\t\t\t\t\t<div class=\"elementor-container elementor-column-gap-default\">\n\t\t\t\t\t<div class=\"elementor-column elementor-col-50 elementor-inner-column elementor-element elementor-element-45942225\" data-id=\"45942225\" data-element_type=\"column\" data-settings=\"{&quot;background_background&quot;:&quot;classic&quot;}\">\n\t\t\t<div class=\"elementor-widget-wrap elementor-element-populated\">\n\t\t\t\t\t<div class=\"elementor-background-overlay\"><\/div>\n\t\t\t\t\t\t<div class=\"elementor-element elementor-element-3110a5d7 elementor-widget elementor-widget-image-box\" data-id=\"3110a5d7\" data-element_type=\"widget\" data-widget_type=\"image-box.default\">\n\t\t\t\t<div class=\"elementor-widget-container\">\n\t\t\t\t\t<div class=\"elementor-image-box-wrapper\"><div class=\"elementor-image-box-content\"><h4 class=\"elementor-image-box-title\">Ognjen Dra\u0161kovi\u0107<\/h4><p class=\"elementor-image-box-description\"> Predsednik Esport Saveza<\/p><\/div><\/div>\t\t\t\t<\/div>\n\t\t\t\t<\/div>\n\t\t\t\t\t<\/div>\n\t\t<\/div>\n\t\t\t\t<div class=\"elementor-column elementor-col-50 elementor-inner-column elementor-element elementor-element-652de866\" data-id=\"652de866\" data-element_type=\"column\" data-settings=\"{&quot;background_background&quot;:&quot;classic&quot;}\">\n\t\t\t<div class=\"elementor-widget-wrap elementor-element-populated\">\n\t\t\t\t\t<div class=\"elementor-background-overlay\"><\/div>\n\t\t\t\t\t\t<div class=\"elementor-element elementor-element-771d025e elementor-widget elementor-widget-image-box\" data-id=\"771d025e\" data-element_type=\"widget\" data-widget_type=\"image-box.default\">\n\t\t\t\t<div class=\"elementor-widget-container\">\n\t\t\t\t\t<div class=\"elementor-image-box-wrapper\"><div class=\"elementor-image-box-content\"><h4 class=\"elementor-image-box-title\">Nikola Mili\u0107evi\u0107<\/h4><p class=\"elementor-image-box-description\">Menad\u017eer projekata<\/p><\/div><\/div>\t\t\t\t<\/div>\n\t\t\t\t<\/div>\n\t\t\t\t\t<\/div>\n\t\t<\/div>\n\t\t\t\t\t<\/div>\n\t\t<\/section>\n\t\t\t\t<section class=\"elementor-section elementor-inner-section elementor-element elementor-element-6c2eb2b6 elementor-section-boxed elementor-section-height-default elementor-section-height-default\" data-id=\"6c2eb2b6\" data-element_type=\"section\">\n\t\t\t\t\t\t<div class=\"elementor-container elementor-column-gap-default\">\n\t\t\t\t\t<div class=\"elementor-column elementor-col-100 elementor-inner-column elementor-element elementor-element-6facee8\" data-id=\"6facee8\" data-element_type=\"column\">\n\t\t\t<div class=\"elementor-widget-wrap elementor-element-populated\">\n\t\t\t\t\t\t<div class=\"elementor-element elementor-element-8d61ce8 elementor-widget elementor-widget-heading\" data-id=\"8d61ce8\" data-element_type=\"widget\" data-widget_type=\"heading.default\">\n\t\t\t\t<div class=\"elementor-widget-container\">\n\t\t\t\t\t<h3 class=\"elementor-heading-title elementor-size-default\">Upravni odbor<\/h3>\t\t\t\t<\/div>\n\t\t\t\t<\/div>\n\t\t\t\t\t<\/div>\n\t\t<\/div>\n\t\t\t\t\t<\/div>\n\t\t<\/section>\n\t\t\t\t<section class=\"elementor-section elementor-inner-section elementor-element elementor-element-f10261e elementor-section-boxed elementor-section-height-default elementor-section-height-default\" data-id=\"f10261e\" data-element_type=\"section\">\n\t\t\t\t\t\t<div class=\"elementor-container elementor-column-gap-default\">\n\t\t\t\t\t<div class=\"elementor-column elementor-col-33 elementor-inner-column elementor-element elementor-element-14c5a82\" data-id=\"14c5a82\" data-element_type=\"column\" data-settings=\"{&quot;background_background&quot;:&quot;classic&quot;}\">\n\t\t\t<div class=\"elementor-widget-wrap elementor-element-populated\">\n\t\t\t\t\t<div class=\"elementor-background-overlay\"><\/div>\n\t\t\t\t\t\t<div class=\"elementor-element elementor-element-93eddee elementor-widget elementor-widget-image-box\" data-id=\"93eddee\" data-element_type=\"widget\" data-widget_type=\"image-box.default\">\n\t\t\t\t<div class=\"elementor-widget-container\">\n\t\t\t\t\t<div class=\"elementor-image-box-wrapper\"><div class=\"elementor-image-box-content\"><h4 class=\"elementor-image-box-title\"><a href=\"#\">Mladen Juri\u0107<\/a><\/h4><p class=\"elementor-image-box-description\">Upravni odbor<\/p><\/div><\/div>\t\t\t\t<\/div>\n\t\t\t\t<\/div>\n\t\t\t\t\t<\/div>\n\t\t<\/div>\n\t\t\t\t<div class=\"elementor-column elementor-col-33 elementor-inner-column elementor-element elementor-element-a13cde4\" data-id=\"a13cde4\" data-element_type=\"column\" data-settings=\"{&quot;background_background&quot;:&quot;classic&quot;}\">\n\t\t\t<div class=\"elementor-widget-wrap elementor-element-populated\">\n\t\t\t\t\t<div class=\"elementor-background-overlay\"><\/div>\n\t\t\t\t\t\t<div class=\"elementor-element elementor-element-4b43f4f elementor-widget elementor-widget-image-box\" data-id=\"4b43f4f\" data-element_type=\"widget\" data-widget_type=\"image-box.default\">\n\t\t\t\t<div class=\"elementor-widget-container\">\n\t\t\t\t\t<div class=\"elementor-image-box-wrapper\"><div class=\"elementor-image-box-content\"><h4 class=\"elementor-image-box-title\"><a href=\"#\">Mihajlo \u0106iri\u0107<\/a><\/h4><p class=\"elementor-image-box-description\">UPRAVNI ODBOR<\/p><\/div><\/div>\t\t\t\t<\/div>\n\t\t\t\t<\/div>\n\t\t\t\t\t<\/div>\n\t\t<\/div>\n\t\t\t\t<div class=\"elementor-column elementor-col-33 elementor-inner-column elementor-element elementor-element-30cf43b\" data-id=\"30cf43b\" data-element_type=\"column\" data-settings=\"{&quot;background_background&quot;:&quot;classic&quot;}\">\n\t\t\t<div class=\"elementor-widget-wrap elementor-element-populated\">\n\t\t\t\t\t<div class=\"elementor-background-overlay\"><\/div>\n\t\t\t\t\t\t<div class=\"elementor-element elementor-element-1ae9b0c elementor-widget elementor-widget-image-box\" data-id=\"1ae9b0c\" data-element_type=\"widget\" data-widget_type=\"image-box.default\">\n\t\t\t\t<div class=\"elementor-widget-container\">\n\t\t\t\t\t<div class=\"elementor-image-box-wrapper\"><div class=\"elementor-image-box-content\"><h4 class=\"elementor-image-box-title\"><a href=\"#\">Filip Jovanovi\u0107 <\/a><\/h4><p class=\"elementor-image-box-description\">UPRAVNI ODBOR<\/p><\/div><\/div>\t\t\t\t<\/div>\n\t\t\t\t<\/div>\n\t\t\t\t\t<\/div>\n\t\t<\/div>\n\t\t\t\t\t<\/div>\n\t\t<\/section>\n\t\t\t\t\t<\/div>\n\t\t<\/div>\n\t\t\t\t\t<\/div>\n\t\t<\/section>\n\t\t\t\t<\/div>\n\t\t","protected":false},"excerpt":{"rendered":"<p>Na\u0161 tim Upoznajte upravni odbor Esport savez-a Srbije Rukovodstvo Ognjen Dra\u0161kovi\u0107 Predsednik Esport Saveza Nikola Mili\u0107evi\u0107 Menad\u017eer projekata Upravni odbor Mladen Juri\u0107 Upravni odbor Mihajlo \u0106iri\u0107 UPRAVNI ODBOR Filip Jovanovi\u0107 UPRAVNI ODBOR<\/p>\n","protected":false},"author":1,"featured_media":0,"parent":0,"menu_order":0,"comment_status":"closed","ping_status":"closed","template":"","meta":{"footnotes":""},"class_list":["post-141","page","type-page","status-publish","hentry"],"yoast_head":"<!-- This site is optimized with the Yoast SEO plugin v26.8 - https:\/\/yoast.com\/product\/yoast-seo-wordpress\/ -->\n<title>Na\u0161 Tim - Esport Savez Srbije<\/title>\n<meta name=\"robots\" content=\"index, follow, max-snippet:-1, max-image-preview:large, max-video-preview:-1\" \/>\n<link rel=\"canonical\" href=\"https:\/\/esss.rs\/sr\/nas-tim\/\" \/>\n<meta property=\"og:locale\" content=\"sr_RS\" \/>\n<meta property=\"og:type\" content=\"article\" \/>\n<meta property=\"og:title\" content=\"Na\u0161 Tim - Esport Savez Srbije\" \/>\n<meta property=\"og:description\" content=\"Na\u0161 tim Upoznajte upravni odbor Esport savez-a Srbije Rukovodstvo Ognjen Dra\u0161kovi\u0107 Predsednik Esport Saveza Nikola Mili\u0107evi\u0107 Menad\u017eer projekata Upravni odbor Mladen Juri\u0107 Upravni odbor Mihajlo \u0106iri\u0107 UPRAVNI ODBOR Filip Jovanovi\u0107 UPRAVNI ODBOR\" \/>\n<meta property=\"og:url\" content=\"https:\/\/esss.rs\/sr\/nas-tim\/\" \/>\n<meta property=\"og:site_name\" content=\"Esport Savez Srbije\" \/>\n<meta property=\"article:modified_time\" content=\"2024-11-02T07:27:23+00:00\" \/>\n<meta property=\"og:image\" content=\"https:\/\/esss.rs\/wp-content\/uploads\/2024\/05\/SITE_IMAGE.jpg\" \/>\n\t<meta property=\"og:image:width\" content=\"1200\" \/>\n\t<meta property=\"og:image:height\" content=\"675\" \/>\n\t<meta property=\"og:image:type\" content=\"image\/jpeg\" \/>\n<meta name=\"twitter:card\" content=\"summary_large_image\" \/>\n<meta name=\"twitter:site\" content=\"@esportsavezrs\" \/>\n<meta name=\"twitter:label1\" content=\"Est. reading time\" \/>\n\t<meta name=\"twitter:data1\" content=\"1 minute\" \/>\n<script type=\"application\/ld+json\" class=\"yoast-schema-graph\">{\"@context\":\"https:\/\/schema.org\",\"@graph\":[{\"@type\":\"WebPage\",\"@id\":\"https:\/\/esss.rs\/nas-tim\/\",\"url\":\"https:\/\/esss.rs\/nas-tim\/\",\"name\":\"Na\u0161 Tim - Esport Savez Srbije\",\"isPartOf\":{\"@id\":\"https:\/\/esss.rs\/#website\"},\"datePublished\":\"2024-04-18T12:12:44+00:00\",\"dateModified\":\"2024-11-02T07:27:23+00:00\",\"breadcrumb\":{\"@id\":\"https:\/\/esss.rs\/nas-tim\/#breadcrumb\"},\"inLanguage\":\"sr-RS\",\"potentialAction\":[{\"@type\":\"ReadAction\",\"target\":[\"https:\/\/esss.rs\/nas-tim\/\"]}]},{\"@type\":\"BreadcrumbList\",\"@id\":\"https:\/\/esss.rs\/nas-tim\/#breadcrumb\",\"itemListElement\":[{\"@type\":\"ListItem\",\"position\":1,\"name\":\"Home\",\"item\":\"https:\/\/esss.rs\/\"},{\"@type\":\"ListItem\",\"position\":2,\"name\":\"Na\u0161 Tim\"}]},{\"@type\":\"WebSite\",\"@id\":\"https:\/\/esss.rs\/#website\",\"url\":\"https:\/\/esss.rs\/\",\"name\":\"Esport Savez Srbije\",\"description\":\"esport-savez-srbije\",\"publisher\":{\"@id\":\"https:\/\/esss.rs\/#organization\"},\"alternateName\":\"Esport Savez Republike Srbije\",\"potentialAction\":[{\"@type\":\"SearchAction\",\"target\":{\"@type\":\"EntryPoint\",\"urlTemplate\":\"https:\/\/esss.rs\/?s={search_term_string}\"},\"query-input\":{\"@type\":\"PropertyValueSpecification\",\"valueRequired\":true,\"valueName\":\"search_term_string\"}}],\"inLanguage\":\"sr-RS\"},{\"@type\":\"Organization\",\"@id\":\"https:\/\/esss.rs\/#organization\",\"name\":\"Esport Savez Srbije\",\"url\":\"https:\/\/esss.rs\/\",\"logo\":{\"@type\":\"ImageObject\",\"inLanguage\":\"sr-RS\",\"@id\":\"https:\/\/esss.rs\/#\/schema\/logo\/image\/\",\"url\":\"https:\/\/esss.rs\/wp-content\/uploads\/2024\/04\/ESPORT-LOGO-SPOJENO.png\",\"contentUrl\":\"https:\/\/esss.rs\/wp-content\/uploads\/2024\/04\/ESPORT-LOGO-SPOJENO.png\",\"width\":1600,\"height\":401,\"caption\":\"Esport Savez Srbije\"},\"image\":{\"@id\":\"https:\/\/esss.rs\/#\/schema\/logo\/image\/\"},\"sameAs\":[\"https:\/\/x.com\/esportsavezrs\",\"https:\/\/www.linkedin.com\/in\/esport-savez-srbije-bb0078306\/\",\"https:\/\/www.instagram.com\/esportsavezsrbije\/?hl=en\"]}]}<\/script>\n<!-- \/ Yoast SEO plugin. -->","yoast_head_json":{"title":"Na\u0161 Tim - Esport Savez Srbije","robots":{"index":"index","follow":"follow","max-snippet":"max-snippet:-1","max-image-preview":"max-image-preview:large","max-video-preview":"max-video-preview:-1"},"canonical":"https:\/\/esss.rs\/sr\/nas-tim\/","og_locale":"sr_RS","og_type":"article","og_title":"Na\u0161 Tim - Esport Savez Srbije","og_description":"Na\u0161 tim Upoznajte upravni odbor Esport savez-a Srbije Rukovodstvo Ognjen Dra\u0161kovi\u0107 Predsednik Esport Saveza Nikola Mili\u0107evi\u0107 Menad\u017eer projekata Upravni odbor Mladen Juri\u0107 Upravni odbor Mihajlo \u0106iri\u0107 UPRAVNI ODBOR Filip Jovanovi\u0107 UPRAVNI ODBOR","og_url":"https:\/\/esss.rs\/sr\/nas-tim\/","og_site_name":"Esport Savez Srbije","article_modified_time":"2024-11-02T07:27:23+00:00","og_image":[{"width":1200,"height":675,"url":"https:\/\/esss.rs\/wp-content\/uploads\/2024\/05\/SITE_IMAGE.jpg","type":"image\/jpeg"}],"twitter_card":"summary_large_image","twitter_site":"@esportsavezrs","twitter_misc":{"Est. reading time":"1 minute"},"schema":{"@context":"https:\/\/schema.org","@graph":[{"@type":"WebPage","@id":"https:\/\/esss.rs\/nas-tim\/","url":"https:\/\/esss.rs\/nas-tim\/","name":"Na\u0161 Tim - Esport Savez Srbije","isPartOf":{"@id":"https:\/\/esss.rs\/#website"},"datePublished":"2024-04-18T12:12:44+00:00","dateModified":"2024-11-02T07:27:23+00:00","breadcrumb":{"@id":"https:\/\/esss.rs\/nas-tim\/#breadcrumb"},"inLanguage":"sr-RS","potentialAction":[{"@type":"ReadAction","target":["https:\/\/esss.rs\/nas-tim\/"]}]},{"@type":"BreadcrumbList","@id":"https:\/\/esss.rs\/nas-tim\/#breadcrumb","itemListElement":[{"@type":"ListItem","position":1,"name":"Home","item":"https:\/\/esss.rs\/"},{"@type":"ListItem","position":2,"name":"Na\u0161 Tim"}]},{"@type":"WebSite","@id":"https:\/\/esss.rs\/#website","url":"https:\/\/esss.rs\/","name":"Esport Savez Srbije","description":"esport-savez-srbije","publisher":{"@id":"https:\/\/esss.rs\/#organization"},"alternateName":"Esport Savez Republike Srbije","potentialAction":[{"@type":"SearchAction","target":{"@type":"EntryPoint","urlTemplate":"https:\/\/esss.rs\/?s={search_term_string}"},"query-input":{"@type":"PropertyValueSpecification","valueRequired":true,"valueName":"search_term_string"}}],"inLanguage":"sr-RS"},{"@type":"Organization","@id":"https:\/\/esss.rs\/#organization","name":"Esport Savez Srbije","url":"https:\/\/esss.rs\/","logo":{"@type":"ImageObject","inLanguage":"sr-RS","@id":"https:\/\/esss.rs\/#\/schema\/logo\/image\/","url":"https:\/\/esss.rs\/wp-content\/uploads\/2024\/04\/ESPORT-LOGO-SPOJENO.png","contentUrl":"https:\/\/esss.rs\/wp-content\/uploads\/2024\/04\/ESPORT-LOGO-SPOJENO.png","width":1600,"height":401,"caption":"Esport Savez Srbije"},"image":{"@id":"https:\/\/esss.rs\/#\/schema\/logo\/image\/"},"sameAs":["https:\/\/x.com\/esportsavezrs","https:\/\/www.linkedin.com\/in\/esport-savez-srbije-bb0078306\/","https:\/\/www.instagram.com\/esportsavezsrbije\/?hl=en"]}]}},"_links":{"self":[{"href":"https:\/\/esss.rs\/sr\/wp-json\/wp\/v2\/pages\/141","targetHints":{"allow":["GET"]}}],"collection":[{"href":"https:\/\/esss.rs\/sr\/wp-json\/wp\/v2\/pages"}],"about":[{"href":"https:\/\/esss.rs\/sr\/wp-json\/wp\/v2\/types\/page"}],"author":[{"embeddable":true,"href":"https:\/\/esss.rs\/sr\/wp-json\/wp\/v2\/users\/1"}],"replies":[{"embeddable":true,"href":"https:\/\/esss.rs\/sr\/wp-json\/wp\/v2\/comments?post=141"}],"version-history":[{"count":0,"href":"https:\/\/esss.rs\/sr\/wp-json\/wp\/v2\/pages\/141\/revisions"}],"wp:attachment":[{"href":"https:\/\/esss.rs\/sr\/wp-json\/wp\/v2\/media?parent=141"}],"curies":[{"name":"wp","href":"https:\/\/api.w.org\/{rel}","templated":true}]}}