{"id":604,"date":"2024-05-09T12:43:36","date_gmt":"2024-05-09T12:43:36","guid":{"rendered":"https:\/\/esss.rs\/?page_id=604"},"modified":"2024-05-15T06:26:17","modified_gmt":"2024-05-15T06:26:17","slug":"crvena-zvezda-esport","status":"publish","type":"page","link":"https:\/\/esss.rs\/en\/crvena-zvezda-esport\/","title":{"rendered":"Crvena zvezda Esport"},"content":{"rendered":"<div data-elementor-type=\"wp-page\" data-elementor-id=\"604\" class=\"elementor elementor-604\" data-elementor-post-type=\"page\">\n\t\t\t\t\t\t<section class=\"elementor-section elementor-top-section elementor-element elementor-element-4b1f008d elementor-section-boxed elementor-section-height-default elementor-section-height-default\" data-id=\"4b1f008d\" data-element_type=\"section\">\n\t\t\t\t\t\t<div class=\"elementor-container elementor-column-gap-default\">\n\t\t\t\t\t<div class=\"elementor-column elementor-col-50 elementor-top-column elementor-element elementor-element-4d9b5e9\" data-id=\"4d9b5e9\" data-element_type=\"column\">\n\t\t\t<div class=\"elementor-widget-wrap elementor-element-populated\">\n\t\t\t\t\t\t<section class=\"elementor-section elementor-inner-section elementor-element elementor-element-5640110c elementor-section-boxed elementor-section-height-default elementor-section-height-default\" data-id=\"5640110c\" data-element_type=\"section\">\n\t\t\t\t\t\t<div class=\"elementor-container elementor-column-gap-default\">\n\t\t\t\t\t<div class=\"elementor-column elementor-col-100 elementor-inner-column elementor-element elementor-element-5ce8876c\" data-id=\"5ce8876c\" data-element_type=\"column\">\n\t\t\t<div class=\"elementor-widget-wrap elementor-element-populated\">\n\t\t\t\t\t\t<div class=\"elementor-element elementor-element-1b640f2c elementor-widget elementor-widget-heading\" data-id=\"1b640f2c\" data-element_type=\"widget\" data-widget_type=\"heading.default\">\n\t\t\t\t<div class=\"elementor-widget-container\">\n\t\t\t\t\t<h2 class=\"elementor-heading-title elementor-size-default\">Crvena zvezda Esports<\/h2>\t\t\t\t<\/div>\n\t\t\t\t<\/div>\n\t\t\t\t<div class=\"elementor-element elementor-element-3cb0d486 elementor-widget elementor-widget-text-editor\" data-id=\"3cb0d486\" data-element_type=\"widget\" data-widget_type=\"text-editor.default\">\n\t\t\t\t<div class=\"elementor-widget-container\">\n\t\t\t\t\t\t\t\t\tCrvena zvezda Esports, associated with the professional sports club Crvena zvezda (also known as Red Star Belgrade), has been a driving force in the Serbian esports scene since its establishment in 2017.\nWith an impressive collection of 12 trophies across 3 gaming titles and active teams in 4 games, Crvena zvezda continues to elevate domestic esports.\nThey have established several commercial benchmarks that underscore its prominence in the esports industry.<br>\nThe organization prides itself on collaborating with famous content creators, amplifying its reach and influence. With a robust social media presence, evidenced by over 73,000 followers across mainstream social media, they have cultivated a dedicated fanbase.<br>\n\nNotably, they were the first regional esports team to sport branded jerseys, a trendsetting move made possible through their partnership with Umbro. This innovative spirit extends to their sponsorships, with renowned brands like Jaffa and Sportvision supporting their journey, alongside Umbro. These achievements reflect Crvena zvezda Esports\u2019 commitment to excellence and innovation in the esports realm.\t\t\t\t\t\t\t\t<\/div>\n\t\t\t\t<\/div>\n\t\t\t\t\t<\/div>\n\t\t<\/div>\n\t\t\t\t\t<\/div>\n\t\t<\/section>\n\t\t\t\t<section class=\"elementor-section elementor-inner-section elementor-element elementor-element-736f57ff elementor-section-boxed elementor-section-height-default elementor-section-height-default\" data-id=\"736f57ff\" data-element_type=\"section\">\n\t\t\t\t\t\t<div class=\"elementor-container elementor-column-gap-default\">\n\t\t\t\t\t<div class=\"elementor-column elementor-col-100 elementor-inner-column elementor-element elementor-element-7ee6c53e\" data-id=\"7ee6c53e\" data-element_type=\"column\">\n\t\t\t<div class=\"elementor-widget-wrap elementor-element-populated\">\n\t\t\t\t\t\t<div class=\"elementor-element elementor-element-3c992746 elementor-shape-square e-grid-align-left elementor-grid-0 elementor-widget elementor-widget-social-icons\" data-id=\"3c992746\" data-element_type=\"widget\" data-widget_type=\"social-icons.default\">\n\t\t\t\t<div class=\"elementor-widget-container\">\n\t\t\t\t\t\t\t<div class=\"elementor-social-icons-wrapper elementor-grid\" role=\"list\">\n\t\t\t\t\t\t\t<span class=\"elementor-grid-item\" role=\"listitem\">\n\t\t\t\t\t<a class=\"elementor-icon elementor-social-icon elementor-social-icon-globe elementor-repeater-item-baffc02\" href=\"https:\/\/czv-esports.com\/\" target=\"_blank\">\n\t\t\t\t\t\t<span class=\"elementor-screen-only\">Globe<\/span>\n\t\t\t\t\t\t<svg aria-hidden=\"true\" class=\"e-font-icon-svg e-fas-globe\" viewbox=\"0 0 496 512\" xmlns=\"http:\/\/www.w3.org\/2000\/svg\"><path d=\"M336.5 160C322 70.7 287.8 8 248 8s-74 62.7-88.5 152h177zM152 256c0 22.2 1.2 43.5 3.3 64h185.3c2.1-20.5 3.3-41.8 3.3-64s-1.2-43.5-3.3-64H155.3c-2.1 20.5-3.3 41.8-3.3 64zm324.7-96c-28.6-67.9-86.5-120.4-158-141.6 24.4 33.8 41.2 84.7 50 141.6h108zM177.2 18.4C105.8 39.6 47.8 92.1 19.3 160h108c8.7-56.9 25.5-107.8 49.9-141.6zM487.4 192H372.7c2.1 21 3.3 42.5 3.3 64s-1.2 43-3.3 64h114.6c5.5-20.5 8.6-41.8 8.6-64s-3.1-43.5-8.5-64zM120 256c0-21.5 1.2-43 3.3-64H8.6C3.2 212.5 0 233.8 0 256s3.2 43.5 8.6 64h114.6c-2-21-3.2-42.5-3.2-64zm39.5 96c14.5 89.3 48.7 152 88.5 152s74-62.7 88.5-152h-177zm159.3 141.6c71.4-21.2 129.4-73.7 158-141.6h-108c-8.8 56.9-25.6 107.8-50 141.6zM19.3 352c28.6 67.9 86.5 120.4 158 141.6-24.4-33.8-41.2-84.7-50-141.6h-108z\"><\/path><\/svg>\t\t\t\t\t<\/a>\n\t\t\t\t<\/span>\n\t\t\t\t\t\t\t<span class=\"elementor-grid-item\" role=\"listitem\">\n\t\t\t\t\t<a class=\"elementor-icon elementor-social-icon elementor-social-icon-instagram elementor-repeater-item-5368163\" href=\"https:\/\/www.instagram.com\/czvesports\/\" target=\"_blank\">\n\t\t\t\t\t\t<span class=\"elementor-screen-only\">Instagram<\/span>\n\t\t\t\t\t\t<svg aria-hidden=\"true\" class=\"e-font-icon-svg e-fab-instagram\" viewbox=\"0 0 448 512\" xmlns=\"http:\/\/www.w3.org\/2000\/svg\"><path d=\"M224.1 141c-63.6 0-114.9 51.3-114.9 114.9s51.3 114.9 114.9 114.9S339 319.5 339 255.9 287.7 141 224.1 141zm0 189.6c-41.1 0-74.7-33.5-74.7-74.7s33.5-74.7 74.7-74.7 74.7 33.5 74.7 74.7-33.6 74.7-74.7 74.7zm146.4-194.3c0 14.9-12 26.8-26.8 26.8-14.9 0-26.8-12-26.8-26.8s12-26.8 26.8-26.8 26.8 12 26.8 26.8zm76.1 27.2c-1.7-35.9-9.9-67.7-36.2-93.9-26.2-26.2-58-34.4-93.9-36.2-37-2.1-147.9-2.1-184.9 0-35.8 1.7-67.6 9.9-93.9 36.1s-34.4 58-36.2 93.9c-2.1 37-2.1 147.9 0 184.9 1.7 35.9 9.9 67.7 36.2 93.9s58 34.4 93.9 36.2c37 2.1 147.9 2.1 184.9 0 35.9-1.7 67.7-9.9 93.9-36.2 26.2-26.2 34.4-58 36.2-93.9 2.1-37 2.1-147.8 0-184.8zM398.8 388c-7.8 19.6-22.9 34.7-42.6 42.6-29.5 11.7-99.5 9-132.1 9s-102.7 2.6-132.1-9c-19.6-7.8-34.7-22.9-42.6-42.6-11.7-29.5-9-99.5-9-132.1s-2.6-102.7 9-132.1c7.8-19.6 22.9-34.7 42.6-42.6 29.5-11.7 99.5-9 132.1-9s102.7-2.6 132.1 9c19.6 7.8 34.7 22.9 42.6 42.6 11.7 29.5 9 99.5 9 132.1s2.7 102.7-9 132.1z\"><\/path><\/svg>\t\t\t\t\t<\/a>\n\t\t\t\t<\/span>\n\t\t\t\t\t\t\t<span class=\"elementor-grid-item\" role=\"listitem\">\n\t\t\t\t\t<a class=\"elementor-icon elementor-social-icon elementor-social-icon-twitter elementor-repeater-item-d1defb9\" href=\"https:\/\/twitter.com\/czvesports\" target=\"_blank\">\n\t\t\t\t\t\t<span class=\"elementor-screen-only\">Twitter<\/span>\n\t\t\t\t\t\t<svg aria-hidden=\"true\" class=\"e-font-icon-svg e-fab-twitter\" viewbox=\"0 0 512 512\" xmlns=\"http:\/\/www.w3.org\/2000\/svg\"><path d=\"M459.37 151.716c.325 4.548.325 9.097.325 13.645 0 138.72-105.583 298.558-298.558 298.558-59.452 0-114.68-17.219-161.137-47.106 8.447.974 16.568 1.299 25.34 1.299 49.055 0 94.213-16.568 130.274-44.832-46.132-.975-84.792-31.188-98.112-72.772 6.498.974 12.995 1.624 19.818 1.624 9.421 0 18.843-1.3 27.614-3.573-48.081-9.747-84.143-51.98-84.143-102.985v-1.299c13.969 7.797 30.214 12.67 47.431 13.319-28.264-18.843-46.781-51.005-46.781-87.391 0-19.492 5.197-37.36 14.294-52.954 51.655 63.675 129.3 105.258 216.365 109.807-1.624-7.797-2.599-15.918-2.599-24.04 0-57.828 46.782-104.934 104.934-104.934 30.213 0 57.502 12.67 76.67 33.137 23.715-4.548 46.456-13.32 66.599-25.34-7.798 24.366-24.366 44.833-46.132 57.827 21.117-2.273 41.584-8.122 60.426-16.243-14.292 20.791-32.161 39.308-52.628 54.253z\"><\/path><\/svg>\t\t\t\t\t<\/a>\n\t\t\t\t<\/span>\n\t\t\t\t\t\t\t<span class=\"elementor-grid-item\" role=\"listitem\">\n\t\t\t\t\t<a class=\"elementor-icon elementor-social-icon elementor-social-icon-youtube elementor-repeater-item-792cc02\" href=\"https:\/\/www.youtube.com\/channel\/UChLjtaxZ-VDqoc9wtSdOtzQ\" target=\"_blank\">\n\t\t\t\t\t\t<span class=\"elementor-screen-only\">Youtube<\/span>\n\t\t\t\t\t\t<svg aria-hidden=\"true\" class=\"e-font-icon-svg e-fab-youtube\" viewbox=\"0 0 576 512\" xmlns=\"http:\/\/www.w3.org\/2000\/svg\"><path d=\"M549.655 124.083c-6.281-23.65-24.787-42.276-48.284-48.597C458.781 64 288 64 288 64S117.22 64 74.629 75.486c-23.497 6.322-42.003 24.947-48.284 48.597-11.412 42.867-11.412 132.305-11.412 132.305s0 89.438 11.412 132.305c6.281 23.65 24.787 41.5 48.284 47.821C117.22 448 288 448 288 448s170.78 0 213.371-11.486c23.497-6.321 42.003-24.171 48.284-47.821 11.412-42.867 11.412-132.305 11.412-132.305s0-89.438-11.412-132.305zm-317.51 213.508V175.185l142.739 81.205-142.739 81.201z\"><\/path><\/svg>\t\t\t\t\t<\/a>\n\t\t\t\t<\/span>\n\t\t\t\t\t\t\t<span class=\"elementor-grid-item\" role=\"listitem\">\n\t\t\t\t\t<a class=\"elementor-icon elementor-social-icon elementor-social-icon-twitch elementor-repeater-item-6222939\" target=\"_blank\">\n\t\t\t\t\t\t<span class=\"elementor-screen-only\">Twitch<\/span>\n\t\t\t\t\t\t<svg aria-hidden=\"true\" class=\"e-font-icon-svg e-fab-twitch\" viewbox=\"0 0 512 512\" xmlns=\"http:\/\/www.w3.org\/2000\/svg\"><path d=\"M391.17,103.47H352.54v109.7h38.63ZM285,103H246.37V212.75H285ZM120.83,0,24.31,91.42V420.58H140.14V512l96.53-91.42h77.25L487.69,256V0ZM449.07,237.75l-77.22,73.12H294.61l-67.6,64v-64H140.14V36.58H449.07Z\"><\/path><\/svg>\t\t\t\t\t<\/a>\n\t\t\t\t<\/span>\n\t\t\t\t\t<\/div>\n\t\t\t\t\t\t<\/div>\n\t\t\t\t<\/div>\n\t\t\t\t\t<\/div>\n\t\t<\/div>\n\t\t\t\t\t<\/div>\n\t\t<\/section>\n\t\t\t\t\t<\/div>\n\t\t<\/div>\n\t\t\t\t<div class=\"elementor-column elementor-col-50 elementor-top-column elementor-element elementor-element-8f40f50\" data-id=\"8f40f50\" data-element_type=\"column\">\n\t\t\t<div class=\"elementor-widget-wrap elementor-element-populated\">\n\t\t\t\t\t\t<section class=\"elementor-section elementor-inner-section elementor-element elementor-element-274961ae elementor-section-boxed elementor-section-height-default elementor-section-height-default\" data-id=\"274961ae\" data-element_type=\"section\">\n\t\t\t\t\t\t<div class=\"elementor-container elementor-column-gap-default\">\n\t\t\t\t\t<div class=\"elementor-column elementor-col-100 elementor-inner-column elementor-element elementor-element-4767b316\" data-id=\"4767b316\" data-element_type=\"column\">\n\t\t\t<div class=\"elementor-widget-wrap elementor-element-populated\">\n\t\t\t\t\t\t<div class=\"elementor-element elementor-element-476ab12f elementor-widget elementor-widget-image\" data-id=\"476ab12f\" data-element_type=\"widget\" data-widget_type=\"image.default\">\n\t\t\t\t<div class=\"elementor-widget-container\">\n\t\t\t\t\t\t\t\t\t\t\t\t\t\t\t<img fetchpriority=\"high\" decoding=\"async\" width=\"300\" height=\"300\" src=\"https:\/\/esss.rs\/wp-content\/uploads\/2024\/04\/Crvena_zvezda_Esportslogo_square-e1713446618737.webp\" class=\"attachment-full size-full wp-image-153\" alt=\"\" \/>\t\t\t\t\t\t\t\t\t\t\t\t\t\t\t<\/div>\n\t\t\t\t<\/div>\n\t\t\t\t\t<\/div>\n\t\t<\/div>\n\t\t\t\t\t<\/div>\n\t\t<\/section>\n\t\t\t\t\t<\/div>\n\t\t<\/div>\n\t\t\t\t\t<\/div>\n\t\t<\/section>\n\t\t\t\t<\/div>","protected":false},"excerpt":{"rendered":"<p>Crvena zvezda Esports Crvena zvezda Esports, kao deo profesionalnog sportskog kluba Crvena zvezda, igra klju\u010dnu ulogu na srpskoj Esport sceni od svog osnivanja 2017. godine. Sa zavidnom kolekcijom od 12 trofeja u tri razli\u010dita naslova i aktivnim timovima u \u010detiri igre, klub je posve\u0107en misiji uzdizanja ove industrije. Kao organizacija koja je postavila visoke komercijalne [&hellip;]<\/p>","protected":false},"author":1,"featured_media":0,"parent":0,"menu_order":0,"comment_status":"closed","ping_status":"closed","template":"","meta":{"footnotes":""},"class_list":["post-604","page","type-page","status-publish","hentry"],"yoast_head":"<!-- This site is optimized with the Yoast SEO plugin v26.8 - https:\/\/yoast.com\/product\/yoast-seo-wordpress\/ -->\n<title>Crvena zvezda Esport - Esport Savez Srbije<\/title>\n<meta name=\"robots\" content=\"index, follow, max-snippet:-1, max-image-preview:large, max-video-preview:-1\" \/>\n<link rel=\"canonical\" href=\"https:\/\/esss.rs\/en\/crvena-zvezda-esport\/\" \/>\n<meta property=\"og:locale\" content=\"en_US\" \/>\n<meta property=\"og:type\" content=\"article\" \/>\n<meta property=\"og:title\" content=\"Crvena zvezda Esport - Esport Savez Srbije\" \/>\n<meta property=\"og:description\" content=\"Crvena zvezda Esports Crvena zvezda Esports, kao deo profesionalnog sportskog kluba Crvena zvezda, igra klju\u010dnu ulogu na srpskoj Esport sceni od svog osnivanja 2017. godine. Sa zavidnom kolekcijom od 12 trofeja u tri razli\u010dita naslova i aktivnim timovima u \u010detiri igre, klub je posve\u0107en misiji uzdizanja ove industrije. Kao organizacija koja je postavila visoke komercijalne [&hellip;]\" \/>\n<meta property=\"og:url\" content=\"https:\/\/esss.rs\/en\/crvena-zvezda-esport\/\" \/>\n<meta property=\"og:site_name\" content=\"Esport Savez Srbije\" \/>\n<meta property=\"article:modified_time\" content=\"2024-05-15T06:26:17+00:00\" \/>\n<meta property=\"og:image\" content=\"https:\/\/esss.rs\/wp-content\/uploads\/2024\/04\/Crvena_zvezda_Esportslogo_square-e1713446618737.webp\" \/>\n<meta name=\"twitter:card\" content=\"summary_large_image\" \/>\n<meta name=\"twitter:site\" content=\"@esportsavezrs\" \/>\n<meta name=\"twitter:label1\" content=\"Est. reading time\" \/>\n\t<meta name=\"twitter:data1\" content=\"1 minute\" \/>\n<script type=\"application\/ld+json\" class=\"yoast-schema-graph\">{\"@context\":\"https:\/\/schema.org\",\"@graph\":[{\"@type\":\"WebPage\",\"@id\":\"https:\/\/esss.rs\/crvena-zvezda-esport\/\",\"url\":\"https:\/\/esss.rs\/crvena-zvezda-esport\/\",\"name\":\"Crvena zvezda Esport - Esport Savez Srbije\",\"isPartOf\":{\"@id\":\"https:\/\/esss.rs\/#website\"},\"primaryImageOfPage\":{\"@id\":\"https:\/\/esss.rs\/crvena-zvezda-esport\/#primaryimage\"},\"image\":{\"@id\":\"https:\/\/esss.rs\/crvena-zvezda-esport\/#primaryimage\"},\"thumbnailUrl\":\"https:\/\/esss.rs\/wp-content\/uploads\/2024\/04\/Crvena_zvezda_Esportslogo_square-e1713446618737.webp\",\"datePublished\":\"2024-05-09T12:43:36+00:00\",\"dateModified\":\"2024-05-15T06:26:17+00:00\",\"breadcrumb\":{\"@id\":\"https:\/\/esss.rs\/crvena-zvezda-esport\/#breadcrumb\"},\"inLanguage\":\"en-US\",\"potentialAction\":[{\"@type\":\"ReadAction\",\"target\":[\"https:\/\/esss.rs\/crvena-zvezda-esport\/\"]}]},{\"@type\":\"ImageObject\",\"inLanguage\":\"en-US\",\"@id\":\"https:\/\/esss.rs\/crvena-zvezda-esport\/#primaryimage\",\"url\":\"https:\/\/esss.rs\/wp-content\/uploads\/2024\/04\/Crvena_zvezda_Esportslogo_square-e1713446618737.webp\",\"contentUrl\":\"https:\/\/esss.rs\/wp-content\/uploads\/2024\/04\/Crvena_zvezda_Esportslogo_square-e1713446618737.webp\"},{\"@type\":\"BreadcrumbList\",\"@id\":\"https:\/\/esss.rs\/crvena-zvezda-esport\/#breadcrumb\",\"itemListElement\":[{\"@type\":\"ListItem\",\"position\":1,\"name\":\"Home\",\"item\":\"https:\/\/esss.rs\/\"},{\"@type\":\"ListItem\",\"position\":2,\"name\":\"Crvena zvezda Esport\"}]},{\"@type\":\"WebSite\",\"@id\":\"https:\/\/esss.rs\/#website\",\"url\":\"https:\/\/esss.rs\/\",\"name\":\"Esport Savez Srbije\",\"description\":\"esport-savez-srbije\",\"publisher\":{\"@id\":\"https:\/\/esss.rs\/#organization\"},\"alternateName\":\"Esport Savez Republike Srbije\",\"potentialAction\":[{\"@type\":\"SearchAction\",\"target\":{\"@type\":\"EntryPoint\",\"urlTemplate\":\"https:\/\/esss.rs\/?s={search_term_string}\"},\"query-input\":{\"@type\":\"PropertyValueSpecification\",\"valueRequired\":true,\"valueName\":\"search_term_string\"}}],\"inLanguage\":\"en-US\"},{\"@type\":\"Organization\",\"@id\":\"https:\/\/esss.rs\/#organization\",\"name\":\"Esport Savez Srbije\",\"url\":\"https:\/\/esss.rs\/\",\"logo\":{\"@type\":\"ImageObject\",\"inLanguage\":\"en-US\",\"@id\":\"https:\/\/esss.rs\/#\/schema\/logo\/image\/\",\"url\":\"https:\/\/esss.rs\/wp-content\/uploads\/2024\/04\/ESPORT-LOGO-SPOJENO.png\",\"contentUrl\":\"https:\/\/esss.rs\/wp-content\/uploads\/2024\/04\/ESPORT-LOGO-SPOJENO.png\",\"width\":1600,\"height\":401,\"caption\":\"Esport Savez Srbije\"},\"image\":{\"@id\":\"https:\/\/esss.rs\/#\/schema\/logo\/image\/\"},\"sameAs\":[\"https:\/\/x.com\/esportsavezrs\",\"https:\/\/www.linkedin.com\/in\/esport-savez-srbije-bb0078306\/\",\"https:\/\/www.instagram.com\/esportsavezsrbije\/?hl=en\"]}]}<\/script>\n<!-- \/ Yoast SEO plugin. -->","yoast_head_json":{"title":"Crvena zvezda Esport - Esport Savez Srbije","robots":{"index":"index","follow":"follow","max-snippet":"max-snippet:-1","max-image-preview":"max-image-preview:large","max-video-preview":"max-video-preview:-1"},"canonical":"https:\/\/esss.rs\/en\/crvena-zvezda-esport\/","og_locale":"en_US","og_type":"article","og_title":"Crvena zvezda Esport - Esport Savez Srbije","og_description":"Crvena zvezda Esports Crvena zvezda Esports, kao deo profesionalnog sportskog kluba Crvena zvezda, igra klju\u010dnu ulogu na srpskoj Esport sceni od svog osnivanja 2017. godine. Sa zavidnom kolekcijom od 12 trofeja u tri razli\u010dita naslova i aktivnim timovima u \u010detiri igre, klub je posve\u0107en misiji uzdizanja ove industrije. Kao organizacija koja je postavila visoke komercijalne [&hellip;]","og_url":"https:\/\/esss.rs\/en\/crvena-zvezda-esport\/","og_site_name":"Esport Savez Srbije","article_modified_time":"2024-05-15T06:26:17+00:00","og_image":[{"url":"https:\/\/esss.rs\/wp-content\/uploads\/2024\/04\/Crvena_zvezda_Esportslogo_square-e1713446618737.webp","type":"","width":"","height":""}],"twitter_card":"summary_large_image","twitter_site":"@esportsavezrs","twitter_misc":{"Est. reading time":"1 minute"},"schema":{"@context":"https:\/\/schema.org","@graph":[{"@type":"WebPage","@id":"https:\/\/esss.rs\/crvena-zvezda-esport\/","url":"https:\/\/esss.rs\/crvena-zvezda-esport\/","name":"Crvena zvezda Esport - Esport Savez Srbije","isPartOf":{"@id":"https:\/\/esss.rs\/#website"},"primaryImageOfPage":{"@id":"https:\/\/esss.rs\/crvena-zvezda-esport\/#primaryimage"},"image":{"@id":"https:\/\/esss.rs\/crvena-zvezda-esport\/#primaryimage"},"thumbnailUrl":"https:\/\/esss.rs\/wp-content\/uploads\/2024\/04\/Crvena_zvezda_Esportslogo_square-e1713446618737.webp","datePublished":"2024-05-09T12:43:36+00:00","dateModified":"2024-05-15T06:26:17+00:00","breadcrumb":{"@id":"https:\/\/esss.rs\/crvena-zvezda-esport\/#breadcrumb"},"inLanguage":"en-US","potentialAction":[{"@type":"ReadAction","target":["https:\/\/esss.rs\/crvena-zvezda-esport\/"]}]},{"@type":"ImageObject","inLanguage":"en-US","@id":"https:\/\/esss.rs\/crvena-zvezda-esport\/#primaryimage","url":"https:\/\/esss.rs\/wp-content\/uploads\/2024\/04\/Crvena_zvezda_Esportslogo_square-e1713446618737.webp","contentUrl":"https:\/\/esss.rs\/wp-content\/uploads\/2024\/04\/Crvena_zvezda_Esportslogo_square-e1713446618737.webp"},{"@type":"BreadcrumbList","@id":"https:\/\/esss.rs\/crvena-zvezda-esport\/#breadcrumb","itemListElement":[{"@type":"ListItem","position":1,"name":"Home","item":"https:\/\/esss.rs\/"},{"@type":"ListItem","position":2,"name":"Crvena zvezda Esport"}]},{"@type":"WebSite","@id":"https:\/\/esss.rs\/#website","url":"https:\/\/esss.rs\/","name":"Esport Savez Srbije","description":"esport-savez-srbije","publisher":{"@id":"https:\/\/esss.rs\/#organization"},"alternateName":"Esport Savez Republike Srbije","potentialAction":[{"@type":"SearchAction","target":{"@type":"EntryPoint","urlTemplate":"https:\/\/esss.rs\/?s={search_term_string}"},"query-input":{"@type":"PropertyValueSpecification","valueRequired":true,"valueName":"search_term_string"}}],"inLanguage":"en-US"},{"@type":"Organization","@id":"https:\/\/esss.rs\/#organization","name":"Esport Savez Srbije","url":"https:\/\/esss.rs\/","logo":{"@type":"ImageObject","inLanguage":"en-US","@id":"https:\/\/esss.rs\/#\/schema\/logo\/image\/","url":"https:\/\/esss.rs\/wp-content\/uploads\/2024\/04\/ESPORT-LOGO-SPOJENO.png","contentUrl":"https:\/\/esss.rs\/wp-content\/uploads\/2024\/04\/ESPORT-LOGO-SPOJENO.png","width":1600,"height":401,"caption":"Esport Savez Srbije"},"image":{"@id":"https:\/\/esss.rs\/#\/schema\/logo\/image\/"},"sameAs":["https:\/\/x.com\/esportsavezrs","https:\/\/www.linkedin.com\/in\/esport-savez-srbije-bb0078306\/","https:\/\/www.instagram.com\/esportsavezsrbije\/?hl=en"]}]}},"_links":{"self":[{"href":"https:\/\/esss.rs\/en\/wp-json\/wp\/v2\/pages\/604","targetHints":{"allow":["GET"]}}],"collection":[{"href":"https:\/\/esss.rs\/en\/wp-json\/wp\/v2\/pages"}],"about":[{"href":"https:\/\/esss.rs\/en\/wp-json\/wp\/v2\/types\/page"}],"author":[{"embeddable":true,"href":"https:\/\/esss.rs\/en\/wp-json\/wp\/v2\/users\/1"}],"replies":[{"embeddable":true,"href":"https:\/\/esss.rs\/en\/wp-json\/wp\/v2\/comments?post=604"}],"version-history":[{"count":0,"href":"https:\/\/esss.rs\/en\/wp-json\/wp\/v2\/pages\/604\/revisions"}],"wp:attachment":[{"href":"https:\/\/esss.rs\/en\/wp-json\/wp\/v2\/media?parent=604"}],"curies":[{"name":"wp","href":"https:\/\/api.w.org\/{rel}","templated":true}]}}